{"id":6109,"date":"2017-03-30T10:10:34","date_gmt":"2017-03-30T09:10:34","guid":{"rendered":"http:\/\/loberger.fr\/?page_id=6109"},"modified":"2017-04-03T09:43:00","modified_gmt":"2017-04-03T08:43:00","slug":"domaine","status":"publish","type":"page","link":"http:\/\/www.loberger.fr\/en\/domaine","title":{"rendered":"Wine Estate"},"content":{"rendered":"[vc_row type=\u00a0\u00bbfull_width_background\u00a0\u00bb full_screen_row_position=\u00a0\u00bbmiddle\u00a0\u00bb equal_height=\u00a0\u00bbyes\u00a0\u00bb content_placement=\u00a0\u00bbmiddle\u00a0\u00bb scene_position=\u00a0\u00bbcenter\u00a0\u00bb text_color=\u00a0\u00bbdark\u00a0\u00bb text_align=\u00a0\u00bbleft\u00a0\u00bb top_padding=\u00a0\u00bb8%\u00a0\u00bb bottom_padding=\u00a0\u00bb8%\u00a0\u00bb overlay_strength=\u00a0\u00bb0.3&Prime;][vc_column column_padding=\u00a0\u00bbno-extra-padding\u00a0\u00bb column_padding_position=\u00a0\u00bball\u00a0\u00bb background_color_opacity=\u00a0\u00bb1&Prime; background_hover_color_opacity=\u00a0\u00bb1&Prime; column_shadow=\u00a0\u00bbnone\u00a0\u00bb width=\u00a0\u00bb1\/2&Prime; tablet_text_alignment=\u00a0\u00bbdefault\u00a0\u00bb phone_text_alignment=\u00a0\u00bbdefault\u00a0\u00bb column_border_width=\u00a0\u00bbnone\u00a0\u00bb column_border_style=\u00a0\u00bbsolid\u00a0\u00bb offset=\u00a0\u00bbvc_col-xs-12&Prime;]<div class=\"img-with-aniamtion-wrap\" data-max-width=\"100%\"><div class=\"inner\"><img data-shadow=\"large_depth\" data-shadow-direction=\"middle\" class=\"img-with-animation\" data-delay=\"0\" height=\"2114\" width=\"3741\" data-animation=\"grow-in\" src=\"https:\/\/www.loberger.fr\/wp-content\/uploads\/2017\/03\/2-2.jpg\" srcset=\"https:\/\/www.loberger.fr\/wp-content\/uploads\/2017\/03\/2-2.jpg 3741w, https:\/\/www.loberger.fr\/wp-content\/uploads\/2017\/03\/2-2-300x170.jpg 300w, https:\/\/www.loberger.fr\/wp-content\/uploads\/2017\/03\/2-2-768x434.jpg 768w, https:\/\/www.loberger.fr\/wp-content\/uploads\/2017\/03\/2-2-1024x579.jpg 1024w\" alt=\"\" \/><\/div><\/div>[\/vc_column][vc_column column_padding=\u00a0\u00bbno-extra-padding\u00a0\u00bb column_padding_position=\u00a0\u00bball\u00a0\u00bb background_color_opacity=\u00a0\u00bb1&Prime; background_hover_color_opacity=\u00a0\u00bb1&Prime; column_shadow=\u00a0\u00bbnone\u00a0\u00bb width=\u00a0\u00bb1\/12&Prime; tablet_text_alignment=\u00a0\u00bbdefault\u00a0\u00bb phone_text_alignment=\u00a0\u00bbdefault\u00a0\u00bb column_border_width=\u00a0\u00bbnone\u00a0\u00bb column_border_style=\u00a0\u00bbsolid\u00a0\u00bb offset=\u00a0\u00bbvc_col-xs-12&Prime;][\/vc_column][vc_column column_padding=\u00a0\u00bbno-extra-padding\u00a0\u00bb column_padding_position=\u00a0\u00bball\u00a0\u00bb background_color_opacity=\u00a0\u00bb1&Prime; background_hover_color_opacity=\u00a0\u00bb1&Prime; column_shadow=\u00a0\u00bbnone\u00a0\u00bb width=\u00a0\u00bb5\/12&Prime; tablet_text_alignment=\u00a0\u00bbdefault\u00a0\u00bb phone_text_alignment=\u00a0\u00bbdefault\u00a0\u00bb column_border_width=\u00a0\u00bbnone\u00a0\u00bb column_border_style=\u00a0\u00bbsolid\u00a0\u00bb][vc_column_text]\n<h2>Wine Estate<\/h2>\n[\/vc_column_text]<div class=\"divider-wrap\"><div style=\"height: 25px;\" class=\"divider\"><\/div><\/div>[vc_column_text css_animation=\u00a0\u00bbnone\u00a0\u00bb css=\u00a0\u00bb.vc_custom_1491208499498{margin-top: 20px !important;margin-bottom: 5px !important;}\u00a0\u00bb]En 1984, Jean-Jacques LOBERGER prend la t\u00eate de l\u2019exploitation et se tourne vers l\u2019agriculture biologique et biodynamique.<\/p>\n<p>Respect des principes de la biodynamie, travail du sol, vendanges manuelles scrupuleuses, faibles rendements, contribuent \u00e0 donner \u00e0 nos vins un parfait \u00e9quilibre et une personnalit\u00e9 unique. Le Domaine fait partie du petit cercle des vignerons-r\u00e9coltants exclusifs : nous vendons notre propre production.[\/vc_column_text][\/vc_column][\/vc_row][vc_row type=\u00a0\u00bbfull_width_background\u00a0\u00bb full_screen_row_position=\u00a0\u00bbmiddle\u00a0\u00bb equal_height=\u00a0\u00bbyes\u00a0\u00bb content_placement=\u00a0\u00bbmiddle\u00a0\u00bb scene_position=\u00a0\u00bbcenter\u00a0\u00bb text_color=\u00a0\u00bbdark\u00a0\u00bb text_align=\u00a0\u00bbleft\u00a0\u00bb top_padding=\u00a0\u00bb8%\u00a0\u00bb bottom_padding=\u00a0\u00bb8%\u00a0\u00bb overlay_strength=\u00a0\u00bb0.3&Prime;][vc_column column_padding=\u00a0\u00bbno-extra-padding\u00a0\u00bb column_padding_position=\u00a0\u00bball\u00a0\u00bb background_color_opacity=\u00a0\u00bb1&Prime; background_hover_color_opacity=\u00a0\u00bb1&Prime; column_shadow=\u00a0\u00bbnone\u00a0\u00bb width=\u00a0\u00bb5\/12&Prime; tablet_text_alignment=\u00a0\u00bbdefault\u00a0\u00bb phone_text_alignment=\u00a0\u00bbdefault\u00a0\u00bb column_border_width=\u00a0\u00bbnone\u00a0\u00bb column_border_style=\u00a0\u00bbsolid\u00a0\u00bb][vc_column_text css_animation=\u00a0\u00bbnone\u00a0\u00bb css=\u00a0\u00bb.vc_custom_1491208456626{margin-top: 20px !important;margin-bottom: 5px !important;}\u00a0\u00bb]Le vignoble de huit hectares est morcel\u00e9 et b\u00e9n\u00e9ficie d&rsquo;un ensoleillement parfait par son orientation Sud-Est, Sud et Sud-Ouest. La majorit\u00e9 des vignes est situ\u00e9e sur les coteaux des communes de Guebwiller, Bergholtz et Bergholtz-Zell \u00e0 une altitude variant de 250 \u00e0 480 m\u00e8tres, les pentes de certaines parcelles atteignant 60%.<\/p>\n<p>Parmi ces terroirs g\u00e9ologiquement tr\u00e8s diversifi\u00e9s, distants aux extr\u00eames de 5 kilom\u00e8tres, on retrouve 3 Grands Crus (KITTERLE, SAERING et SPIEGEL) et des lieux dits tels que le Weingarten, le Meissenberg, le Schwarzberg ou encore le Trottberg.[\/vc_column_text][\/vc_column][vc_column column_padding=\u00a0\u00bbno-extra-padding\u00a0\u00bb column_padding_position=\u00a0\u00bball\u00a0\u00bb background_color_opacity=\u00a0\u00bb1&Prime; background_hover_color_opacity=\u00a0\u00bb1&Prime; column_shadow=\u00a0\u00bbnone\u00a0\u00bb width=\u00a0\u00bb1\/12&Prime; tablet_text_alignment=\u00a0\u00bbdefault\u00a0\u00bb phone_text_alignment=\u00a0\u00bbdefault\u00a0\u00bb column_border_width=\u00a0\u00bbnone\u00a0\u00bb column_border_style=\u00a0\u00bbsolid\u00a0\u00bb offset=\u00a0\u00bbvc_col-xs-12&Prime;][\/vc_column][vc_column column_padding=\u00a0\u00bbno-extra-padding\u00a0\u00bb column_padding_position=\u00a0\u00bball\u00a0\u00bb background_color_opacity=\u00a0\u00bb1&Prime; background_hover_color_opacity=\u00a0\u00bb1&Prime; column_shadow=\u00a0\u00bbnone\u00a0\u00bb width=\u00a0\u00bb1\/2&Prime; tablet_text_alignment=\u00a0\u00bbdefault\u00a0\u00bb phone_text_alignment=\u00a0\u00bbdefault\u00a0\u00bb column_border_width=\u00a0\u00bbnone\u00a0\u00bb column_border_style=\u00a0\u00bbsolid\u00a0\u00bb offset=\u00a0\u00bbvc_col-xs-12&Prime;]<div class=\"img-with-aniamtion-wrap\" data-max-width=\"100%\"><div class=\"inner\"><img data-shadow=\"large_depth\" data-shadow-direction=\"middle\" class=\"img-with-animation\" data-delay=\"0\" height=\"2592\" width=\"3872\" data-animation=\"grow-in\" src=\"https:\/\/www.loberger.fr\/wp-content\/uploads\/2017\/03\/1-8-1.jpg\" srcset=\"https:\/\/www.loberger.fr\/wp-content\/uploads\/2017\/03\/1-8-1.jpg 3872w, https:\/\/www.loberger.fr\/wp-content\/uploads\/2017\/03\/1-8-1-300x201.jpg 300w, https:\/\/www.loberger.fr\/wp-content\/uploads\/2017\/03\/1-8-1-768x514.jpg 768w, https:\/\/www.loberger.fr\/wp-content\/uploads\/2017\/03\/1-8-1-1024x685.jpg 1024w, https:\/\/www.loberger.fr\/wp-content\/uploads\/2017\/03\/1-8-1-600x403.jpg 600w, https:\/\/www.loberger.fr\/wp-content\/uploads\/2017\/03\/1-8-1-400x269.jpg 400w\" alt=\"\" \/><\/div><\/div>[\/vc_column][\/vc_row][vc_row type=\u00a0\u00bbfull_width_background\u00a0\u00bb full_screen_row_position=\u00a0\u00bbmiddle\u00a0\u00bb equal_height=\u00a0\u00bbyes\u00a0\u00bb content_placement=\u00a0\u00bbmiddle\u00a0\u00bb scene_position=\u00a0\u00bbcenter\u00a0\u00bb text_color=\u00a0\u00bbdark\u00a0\u00bb text_align=\u00a0\u00bbleft\u00a0\u00bb top_padding=\u00a0\u00bb8%\u00a0\u00bb bottom_padding=\u00a0\u00bb8%\u00a0\u00bb overlay_strength=\u00a0\u00bb0.3&Prime;][vc_column column_padding=\u00a0\u00bbno-extra-padding\u00a0\u00bb column_padding_position=\u00a0\u00bball\u00a0\u00bb background_color_opacity=\u00a0\u00bb1&Prime; background_hover_color_opacity=\u00a0\u00bb1&Prime; column_shadow=\u00a0\u00bbnone\u00a0\u00bb width=\u00a0\u00bb1\/2&Prime; tablet_text_alignment=\u00a0\u00bbdefault\u00a0\u00bb phone_text_alignment=\u00a0\u00bbdefault\u00a0\u00bb column_border_width=\u00a0\u00bbnone\u00a0\u00bb column_border_style=\u00a0\u00bbsolid\u00a0\u00bb offset=\u00a0\u00bbvc_col-xs-12&Prime;]<div class=\"img-with-aniamtion-wrap\" data-max-width=\"100%\"><div class=\"inner\"><img data-shadow=\"large_depth\" data-shadow-direction=\"middle\" class=\"img-with-animation\" data-delay=\"0\" height=\"2761\" width=\"4141\" data-animation=\"grow-in\" src=\"https:\/\/www.loberger.fr\/wp-content\/uploads\/2017\/03\/3-3.jpg\" srcset=\"https:\/\/www.loberger.fr\/wp-content\/uploads\/2017\/03\/3-3.jpg 4141w, https:\/\/www.loberger.fr\/wp-content\/uploads\/2017\/03\/3-3-300x200.jpg 300w, https:\/\/www.loberger.fr\/wp-content\/uploads\/2017\/03\/3-3-768x512.jpg 768w, https:\/\/www.loberger.fr\/wp-content\/uploads\/2017\/03\/3-3-1024x683.jpg 1024w\" alt=\"\" \/><\/div><\/div>[\/vc_column][vc_column column_padding=\u00a0\u00bbno-extra-padding\u00a0\u00bb column_padding_position=\u00a0\u00bball\u00a0\u00bb background_color_opacity=\u00a0\u00bb1&Prime; background_hover_color_opacity=\u00a0\u00bb1&Prime; column_shadow=\u00a0\u00bbnone\u00a0\u00bb width=\u00a0\u00bb1\/12&Prime; tablet_text_alignment=\u00a0\u00bbdefault\u00a0\u00bb phone_text_alignment=\u00a0\u00bbdefault\u00a0\u00bb column_border_width=\u00a0\u00bbnone\u00a0\u00bb column_border_style=\u00a0\u00bbsolid\u00a0\u00bb offset=\u00a0\u00bbvc_col-xs-12&Prime;][\/vc_column][vc_column column_padding=\u00a0\u00bbno-extra-padding\u00a0\u00bb column_padding_position=\u00a0\u00bball\u00a0\u00bb background_color_opacity=\u00a0\u00bb1&Prime; background_hover_color_opacity=\u00a0\u00bb1&Prime; column_shadow=\u00a0\u00bbnone\u00a0\u00bb width=\u00a0\u00bb5\/12&Prime; tablet_text_alignment=\u00a0\u00bbdefault\u00a0\u00bb phone_text_alignment=\u00a0\u00bbdefault\u00a0\u00bb column_border_width=\u00a0\u00bbnone\u00a0\u00bb column_border_style=\u00a0\u00bbsolid\u00a0\u00bb][vc_column_text css_animation=\u00a0\u00bbnone\u00a0\u00bb css=\u00a0\u00bb.vc_custom_1490917752415{margin-top: 20px !important;margin-bottom: 5px !important;}\u00a0\u00bb]Tout notre vignoble est travaill\u00e9 dans le respect le plus total de l\u2019environnement en suivant les pr\u00e9ceptes de l\u2019agriculture biologique et biodynamique. Tout intrant chimique ou produit de synth\u00e8se est exclus.<\/p>\n<p>A leur place, nous utilisons des \u00ab\u00a0tisanes de plantes\u00a0\u00bb (pr\u00eale, osier, orties entre autres) et diff\u00e9rentes pr\u00e9parations hom\u00e9opathiques pour dynamiser le sol et la vigne. Les r\u00e9sultats sont visibles : la faune et la flore sont riches, les vignes capables de r\u00e9sister aux maladies et les vins vivants.[\/vc_column_text][\/vc_column][\/vc_row][vc_row type=\u00a0\u00bbfull_width_background\u00a0\u00bb full_screen_row_position=\u00a0\u00bbmiddle\u00a0\u00bb equal_height=\u00a0\u00bbyes\u00a0\u00bb content_placement=\u00a0\u00bbmiddle\u00a0\u00bb scene_position=\u00a0\u00bbcenter\u00a0\u00bb text_color=\u00a0\u00bbdark\u00a0\u00bb text_align=\u00a0\u00bbleft\u00a0\u00bb top_padding=\u00a0\u00bb8%\u00a0\u00bb bottom_padding=\u00a0\u00bb8%\u00a0\u00bb overlay_strength=\u00a0\u00bb0.3&Prime;][vc_column column_padding=\u00a0\u00bbno-extra-padding\u00a0\u00bb column_padding_position=\u00a0\u00bball\u00a0\u00bb background_color_opacity=\u00a0\u00bb1&Prime; background_hover_color_opacity=\u00a0\u00bb1&Prime; column_shadow=\u00a0\u00bbnone\u00a0\u00bb width=\u00a0\u00bb5\/12&Prime; tablet_text_alignment=\u00a0\u00bbdefault\u00a0\u00bb phone_text_alignment=\u00a0\u00bbdefault\u00a0\u00bb column_border_width=\u00a0\u00bbnone\u00a0\u00bb column_border_style=\u00a0\u00bbsolid\u00a0\u00bb][vc_column_text css_animation=\u00a0\u00bbnone\u00a0\u00bb css=\u00a0\u00bb.vc_custom_1491201084289{margin-top: 20px !important;margin-bottom: 5px !important;}\u00a0\u00bb]Les rendements sont faibles, inf\u00e9rieurs \u00e0 la moyenne, mais permettent l\u2019\u00e9laboration de grands vins.<\/p>\n<p>Regular and thorough soil tilling, spades, brush-cutter, and back-sprayer for some biodynamic treatments: human hands replace mechanization as much as possible and enable the vine to feel alive by meeting its daily requirements.<\/p>\n<p>En cave, une vinification tr\u00e8s peu interventionniste conf\u00e8re aux vins de l\u2019authenticit\u00e9 et le respect de leur terroir.[\/vc_column_text][nectar_btn size=\u00a0\u00bblarge\u00a0\u00bb button_style=\u00a0\u00bbsee-through\u00a0\u00bb button_color_2=\u00a0\u00bbextra-color-gradient-2&Prime; color_override=\u00a0\u00bb#ffffff\u00a0\u00bb icon_family=\u00a0\u00bbnone\u00a0\u00bb text=\u00a0\u00bbNotre Philosophie\u00a0\u00bb margin_top=\u00a0\u00bb50&Prime; url=\u00a0\u00bbhttp:\/\/loberger.fr\/philosophie\u00a0\u00bb][\/vc_column][vc_column column_padding=\u00a0\u00bbno-extra-padding\u00a0\u00bb column_padding_position=\u00a0\u00bball\u00a0\u00bb background_color_opacity=\u00a0\u00bb1&Prime; background_hover_color_opacity=\u00a0\u00bb1&Prime; column_shadow=\u00a0\u00bbnone\u00a0\u00bb width=\u00a0\u00bb1\/12&Prime; tablet_text_alignment=\u00a0\u00bbdefault\u00a0\u00bb phone_text_alignment=\u00a0\u00bbdefault\u00a0\u00bb column_border_width=\u00a0\u00bbnone\u00a0\u00bb column_border_style=\u00a0\u00bbsolid\u00a0\u00bb offset=\u00a0\u00bbvc_col-xs-12&Prime;][\/vc_column][vc_column column_padding=\u00a0\u00bbno-extra-padding\u00a0\u00bb column_padding_position=\u00a0\u00bball\u00a0\u00bb background_color_opacity=\u00a0\u00bb1&Prime; background_hover_color_opacity=\u00a0\u00bb1&Prime; column_shadow=\u00a0\u00bbnone\u00a0\u00bb width=\u00a0\u00bb1\/2&Prime; tablet_text_alignment=\u00a0\u00bbdefault\u00a0\u00bb phone_text_alignment=\u00a0\u00bbdefault\u00a0\u00bb column_border_width=\u00a0\u00bbnone\u00a0\u00bb column_border_style=\u00a0\u00bbsolid\u00a0\u00bb offset=\u00a0\u00bbvc_col-xs-12&Prime;]<div class=\"img-with-aniamtion-wrap\" data-max-width=\"100%\"><div class=\"inner\"><img data-shadow=\"large_depth\" data-shadow-direction=\"middle\" class=\"img-with-animation\" data-delay=\"0\" height=\"600\" width=\"750\" data-animation=\"grow-in\" src=\"https:\/\/www.loberger.fr\/wp-content\/uploads\/2017\/03\/d\u00e9cavaillon-Copie.jpg\" srcset=\"https:\/\/www.loberger.fr\/wp-content\/uploads\/2017\/03\/d\u00e9cavaillon-Copie.jpg 750w, https:\/\/www.loberger.fr\/wp-content\/uploads\/2017\/03\/d\u00e9cavaillon-Copie-300x240.jpg 300w\" alt=\"\" \/><\/div><\/div>[\/vc_column][\/vc_row]","protected":false},"excerpt":{"rendered":"<p>[vc_row type=\u00a0\u00bbfull_width_background\u00a0\u00bb full_screen_row_position=\u00a0\u00bbmiddle\u00a0\u00bb equal_height=\u00a0\u00bbyes\u00a0\u00bb content_placement=\u00a0\u00bbmiddle\u00a0\u00bb scene_position=\u00a0\u00bbcenter\u00a0\u00bb text_color=\u00a0\u00bbdark\u00a0\u00bb text_align=\u00a0\u00bbleft\u00a0\u00bb top_padding=\u00a0\u00bb8%\u00a0\u00bb bottom_padding=\u00a0\u00bb8%\u00a0\u00bb overlay_strength=\u00a0\u00bb0.3&Prime;][vc_column column_padding=\u00a0\u00bbno-extra-padding\u00a0\u00bb column_padding_position=\u00a0\u00bball\u00a0\u00bb background_color_opacity=\u00a0\u00bb1&Prime; background_hover_color_opacity=\u00a0\u00bb1&Prime; column_shadow=\u00a0\u00bbnone\u00a0\u00bb width=\u00a0\u00bb1\/2&Prime; tablet_text_alignment=\u00a0\u00bbdefault\u00a0\u00bb phone_text_alignment=\u00a0\u00bbdefault\u00a0\u00bb column_border_width=\u00a0\u00bbnone\u00a0\u00bb column_border_style=\u00a0\u00bbsolid\u00a0\u00bb offset=\u00a0\u00bbvc_col-xs-12&Prime;][\/vc_column][vc_column column_padding=\u00a0\u00bbno-extra-padding\u00a0\u00bb column_padding_position=\u00a0\u00bball\u00a0\u00bb background_color_opacity=\u00a0\u00bb1&Prime; background_hover_color_opacity=\u00a0\u00bb1&Prime; column_shadow=\u00a0\u00bbnone\u00a0\u00bb width=\u00a0\u00bb1\/12&Prime; tablet_text_alignment=\u00a0\u00bbdefault\u00a0\u00bb phone_text_alignment=\u00a0\u00bbdefault\u00a0\u00bb column_border_width=\u00a0\u00bbnone\u00a0\u00bb column_border_style=\u00a0\u00bbsolid\u00a0\u00bb offset=\u00a0\u00bbvc_col-xs-12&Prime;][\/vc_column][vc_column column_padding=\u00a0\u00bbno-extra-padding\u00a0\u00bb column_padding_position=\u00a0\u00bball\u00a0\u00bb background_color_opacity=\u00a0\u00bb1&Prime; background_hover_color_opacity=\u00a0\u00bb1&Prime; column_shadow=\u00a0\u00bbnone\u00a0\u00bb width=\u00a0\u00bb5\/12&Prime; tablet_text_alignment=\u00a0\u00bbdefault\u00a0\u00bb phone_text_alignment=\u00a0\u00bbdefault\u00a0\u00bb column_border_width=\u00a0\u00bbnone\u00a0\u00bb column_border_style=\u00a0\u00bbsolid\u00a0\u00bb][vc_column_text] Le Domaine [\/vc_column_text][vc_column_text css_animation=\u00a0\u00bbnone\u00a0\u00bb css=\u00a0\u00bb.vc_custom_1491208499498{margin-top: 20px !important;margin-bottom: 5px !important;}\u00a0\u00bb]En 1984, Jean-Jacques LOBERGER prend la t\u00eate de l\u2019exploitation&#8230;<\/p>","protected":false},"author":2,"featured_media":0,"parent":0,"menu_order":0,"comment_status":"closed","ping_status":"closed","template":"","meta":[],"_links":{"self":[{"href":"http:\/\/www.loberger.fr\/en\/wp-json\/wp\/v2\/pages\/6109"}],"collection":[{"href":"http:\/\/www.loberger.fr\/en\/wp-json\/wp\/v2\/pages"}],"about":[{"href":"http:\/\/www.loberger.fr\/en\/wp-json\/wp\/v2\/types\/page"}],"author":[{"embeddable":true,"href":"http:\/\/www.loberger.fr\/en\/wp-json\/wp\/v2\/users\/2"}],"replies":[{"embeddable":true,"href":"http:\/\/www.loberger.fr\/en\/wp-json\/wp\/v2\/comments?post=6109"}],"version-history":[{"count":34,"href":"http:\/\/www.loberger.fr\/en\/wp-json\/wp\/v2\/pages\/6109\/revisions"}],"predecessor-version":[{"id":6401,"href":"http:\/\/www.loberger.fr\/en\/wp-json\/wp\/v2\/pages\/6109\/revisions\/6401"}],"wp:attachment":[{"href":"http:\/\/www.loberger.fr\/en\/wp-json\/wp\/v2\/media?parent=6109"}],"curies":[{"name":"wp","href":"https:\/\/api.w.org\/{rel}","templated":true}]}}