{"id":6047,"date":"2017-03-28T00:41:03","date_gmt":"2017-03-27T23:41:03","guid":{"rendered":"http:\/\/loberger.fr\/?page_id=6047"},"modified":"2017-04-03T09:30:04","modified_gmt":"2017-04-03T08:30:04","slug":"vins","status":"publish","type":"page","link":"http:\/\/www.loberger.fr\/en\/vins","title":{"rendered":"Wines"},"content":{"rendered":"[vc_row type=\u00a0\u00bbfull_width_background\u00a0\u00bb full_screen_row_position=\u00a0\u00bbmiddle\u00a0\u00bb bg_color=\u00a0\u00bb#f7f7f7&Prime; scene_position=\u00a0\u00bbcenter\u00a0\u00bb text_color=\u00a0\u00bbdark\u00a0\u00bb text_align=\u00a0\u00bbleft\u00a0\u00bb top_padding=\u00a0\u00bb100&Prime; bottom_padding=\u00a0\u00bb100&Prime; overlay_strength=\u00a0\u00bb0.3&Prime;][vc_column column_padding=\u00a0\u00bbno-extra-padding\u00a0\u00bb column_padding_position=\u00a0\u00bball\u00a0\u00bb background_color_opacity=\u00a0\u00bb1&Prime; background_hover_color_opacity=\u00a0\u00bb1&Prime; column_shadow=\u00a0\u00bbnone\u00a0\u00bb width=\u00a0\u00bb1\/1&Prime; tablet_text_alignment=\u00a0\u00bbdefault\u00a0\u00bb phone_text_alignment=\u00a0\u00bbdefault\u00a0\u00bb column_border_width=\u00a0\u00bbnone\u00a0\u00bb column_border_style=\u00a0\u00bbsolid\u00a0\u00bb][vc_column_text css=\u00a0\u00bb.vc_custom_1490907665885{padding-bottom: 10px !important;}\u00a0\u00bb]\n<h2>Winemaking: less is more<\/h2>\n[\/vc_column_text]<div class=\"divider-wrap\"><div style=\"margin-top: 15px; width: 120px; height: 3px; margin-bottom: 15px;\" data-width=\"120\" data-animate=\"yes\" data-animation-delay=\"100\" data-color=\"extra-color-1\" class=\"divider-small-border\"><\/div><\/div><div class=\"divider-wrap\"><div style=\"height: 30px;\" class=\"divider\"><\/div><\/div>[vc_column_text]La personnalit\u00e9 et la grande qualit\u00e9 de nos vins sont le r\u00e9sultat de m\u00e9thodes de vinification et d\u2019affinement particuli\u00e8rement soign\u00e9es.<\/p>\n<p>A une viticulture \u00e9pur\u00e9e de toute action contraignante doit r\u00e9pondre une vinification respectueuse. Laisser faire les choses le plus naturellement possible est devenu la r\u00e8gle : levures indig\u00e8nes et interventions minimalistes. Chaque cuve repr\u00e9sente la rencontre intime de l\u2019Homme et d\u2019un terroir.[\/vc_column_text][nectar_btn size=\u00a0\u00bblarge\u00a0\u00bb button_style=\u00a0\u00bbsee-through\u00a0\u00bb button_color_2=\u00a0\u00bbextra-color-gradient-2&Prime; color_override=\u00a0\u00bb#ffffff\u00a0\u00bb icon_family=\u00a0\u00bbnone\u00a0\u00bb text=\u00a0\u00bbLa Biodynamie\u00a0\u00bb margin_top=\u00a0\u00bb50&Prime; url=\u00a0\u00bbhttp:\/\/loberger.fr\/biodynamie\u00a0\u00bb][\/vc_column][\/vc_row][vc_row type=\u00a0\u00bbfull_width_background\u00a0\u00bb full_screen_row_position=\u00a0\u00bbmiddle\u00a0\u00bb bg_image=\u00a0\u00bb6204&Prime; bg_position=\u00a0\u00bbleft top\u00a0\u00bb bg_repeat=\u00a0\u00bbno-repeat\u00a0\u00bb parallax_bg=\u00a0\u00bbtrue\u00a0\u00bb parallax_bg_speed=\u00a0\u00bbfast\u00a0\u00bb scene_position=\u00a0\u00bbcenter\u00a0\u00bb text_color=\u00a0\u00bblight\u00a0\u00bb text_align=\u00a0\u00bbleft\u00a0\u00bb top_padding=\u00a0\u00bb15%\u00a0\u00bb bottom_padding=\u00a0\u00bb15%\u00a0\u00bb overlay_strength=\u00a0\u00bb0.3&Prime;][vc_column column_padding=\u00a0\u00bbno-extra-padding\u00a0\u00bb column_padding_position=\u00a0\u00bball\u00a0\u00bb background_color_opacity=\u00a0\u00bb1&Prime; background_hover_color_opacity=\u00a0\u00bb1&Prime; column_shadow=\u00a0\u00bbnone\u00a0\u00bb width=\u00a0\u00bb1\/1&Prime; tablet_text_alignment=\u00a0\u00bbdefault\u00a0\u00bb phone_text_alignment=\u00a0\u00bbdefault\u00a0\u00bb column_border_width=\u00a0\u00bbnone\u00a0\u00bb column_border_style=\u00a0\u00bbsolid\u00a0\u00bb][\/vc_column][\/vc_row][vc_row type=\u00a0\u00bbfull_width_background\u00a0\u00bb full_screen_row_position=\u00a0\u00bbmiddle\u00a0\u00bb bg_color=\u00a0\u00bb#f7f7f7&Prime; scene_position=\u00a0\u00bbcenter\u00a0\u00bb text_color=\u00a0\u00bbdark\u00a0\u00bb text_align=\u00a0\u00bbleft\u00a0\u00bb top_padding=\u00a0\u00bb100&Prime; bottom_padding=\u00a0\u00bb100&Prime; overlay_strength=\u00a0\u00bb0.3&Prime;][vc_column column_padding=\u00a0\u00bbno-extra-padding\u00a0\u00bb column_padding_position=\u00a0\u00bball\u00a0\u00bb background_color_opacity=\u00a0\u00bb1&Prime; background_hover_color_opacity=\u00a0\u00bb1&Prime; column_shadow=\u00a0\u00bbnone\u00a0\u00bb width=\u00a0\u00bb1\/1&Prime; tablet_text_alignment=\u00a0\u00bbdefault\u00a0\u00bb phone_text_alignment=\u00a0\u00bbdefault\u00a0\u00bb column_border_width=\u00a0\u00bbnone\u00a0\u00bb column_border_style=\u00a0\u00bbsolid\u00a0\u00bb][vc_column_text css=\u00a0\u00bb.vc_custom_1490882768123{padding-bottom: 10px !important;}\u00a0\u00bb]\n<h2>Our range<\/h2>\n[\/vc_column_text]<div class=\"divider-wrap\"><div style=\"height: 30px;\" class=\"divider\"><\/div><\/div><div class=\"divider-wrap\"><div style=\"margin-top: 15px; width: 120px; height: 3px; margin-bottom: 15px;\" data-width=\"120\" data-animate=\"yes\" data-animation-delay=\"100\" data-color=\"extra-color-1\" class=\"divider-small-border\"><\/div><\/div><div class=\"toggles accordion\" data-style=\"minimal\"><div class=\"toggle default\"><h3><a href=\"#\"><i class=\"icon-plus-sign\"><\/i>Cr\u00e9mant<\/a><\/h3><div>[vc_column_text]<b>Tasting notes: <\/b>:<\/p>\n<p>Ideally Cr\u00e9mant is served when young, but can also be aged in the cellar for several years at a moderate temperature (10 to 15\u00b0C). We use Pinot Auxerrois to produce Cr\u00e9mant, which renders it delicate, versatile and well balanced. With its fine and light foam, bright and luminous pale golden robe the \u201cCr\u00e9mant d\u2019Alsace\u201d makes a great impact on both small gatherings as well as during distinguished annual events.<\/p>\n<p><b>Food \/ wine pairing: <\/b>:<\/p>\n<p>Le Cr\u00e9mant constitue un ap\u00e9ritif raffin\u00e9 et un vin de cocktail ou de r\u00e9ception id\u00e9al. Sa fra\u00eecheur discr\u00e8tement fruit\u00e9e rehaussera \u00e9galement les rencontres gastronomiques les plus vari\u00e9es tout au long du repas, des entr\u00e9es froides ou chaudes aux produits de la mer, des viandes blanches et gibiers aux desserts.[\/vc_column_text]<\/div><\/div><div class=\"toggle default\"><h3><a href=\"#\"><i class=\"icon-plus-sign\"><\/i>Pinot Blanc<\/a><\/h3><div>[vc_column_text]<b>Tasting notes:<\/b><\/p>\n<p>Delicate and well structured, Pinot Blanc is ideal to get acquainted with Alsatian wines. Wearing a robe tinted with golden straw, it is dry, cool and thirst quenching at the same time. Thus it is an excellent choice as appetizer and can accompany an entire meal:  it is pleasantly refreshing, full-bodied and flexible.<\/p>\n<p><b>Food \/ wine pairing:<\/b><\/p>\n<p>Id\u00e9al pour tout occasion o\u00f9 un vin blanc sec s&rsquo;impose : buffet campagnard, viandes blanches, poissons. Le Pinot Blanc se marie harmonieusement avec la chair d\u00e9licate des grenouilles et fait chanter une petite friture de poissons. A servir aussi avec les volailles ou terrine de lapereau.[\/vc_column_text]<\/div><\/div><div class=\"toggle default\"><h3><a href=\"#\"><i class=\"icon-plus-sign\"><\/i>Muscat<\/a><\/h3><div>[vc_column_text]<b>Tasting notes: <\/b>:<\/p>\n<p>This wine is specially admired for its bouquet. Charming, elegant and light, it is also one of the oldest grape varieties of the region. The northern latitude of Alsace has made it into a wine, considerably different to those of southern regions.<\/p>\n<p><b>Food \/ wine pairing: <\/b>:<\/p>\n<p>Vin sec au go\u00fbt de fruit particuli\u00e8rement prononc\u00e9, il donne l&rsquo;impression de croquer le raisin frais. Il convient d&rsquo;une fa\u00e7on parfaite pour l&rsquo;ap\u00e9ritif. Au nez et au palais, son ar\u00f4me \u00e9tonnamment prononc\u00e9 rassemble tous les suffrages. Il r\u00e9pond admirablement \u00e0 tout ce que l&rsquo;on demande \u00e0 un ap\u00e9ritif : ouvre l&rsquo;app\u00e9tit, ne charge pas l&rsquo;estomac et met en forme pour le repas. Se d\u00e9guste avantageusement avec les asperges.[\/vc_column_text]<\/div><\/div><div class=\"toggle default\"><h3><a href=\"#\"><i class=\"icon-plus-sign\"><\/i>Riesling<\/a><\/h3><div>[vc_column_text]<b>Tasting notes: <\/b>:<\/p>\n<p>A beautiful nose of citrus fruit reflects on the maturity of this wine. It is long on the palate where aroma of ripe fruit blends in well with mellow acidity. The finish reveals freshness and a great balance in spite of its youth.<\/p>\n<p>Among the superior wines Riesling is racy and dry. It is a perfect reflection of the Alsatian terroir. Rhine grape variety par excellence, its strengths are reflected by harmony between its delicate fruitiness, bouquet, body, and subtle acidity. It is considered as one of the most prestigious white grape varieties of the vineyard.<\/p>\n<p><b>Food \/ wine pairing: <\/b>:<\/p>\n<p>Subtil et d\u00e9licatement fruit\u00e9, il accompagne les sp\u00e9cialit\u00e9s gastronomiques alsaciennes, les fruits de mer et les poissons grill\u00e9s ou poch\u00e9s.[\/vc_column_text]<\/div><\/div><div class=\"toggle default\"><h3><a href=\"#\"><i class=\"icon-plus-sign\"><\/i>Pinot Gris<\/a><\/h3><div>[vc_column_text]<b>Tasting notes: <\/b>:<\/p>\n<p>It is strong full bodied and a noble wine: rich, ample and always dry: it has the best aging potential among all varieties of grapes. It being a fine and superior wine competes with the most prestigious white wines of France.<\/p>\n<p><b>Food \/ wine pairing: <\/b>:<\/p>\n<p>Plus que tout autre, il tire avantage d&rsquo;un lent vieillissement en bouteille. A son apog\u00e9e, apr\u00e8s cinq ou huit ans, il ravit par son opulence et sa richesse. S&rsquo;harmonise parfaitement avec les terrines, les tourtes, les p\u00e2t\u00e9s en cro\u00fbte et les poissons en sauce. Mariez-le aussi avec le foie gras en terrine ou po\u00eal\u00e9, le poisson cru ou fum\u00e9 et les gratins.[\/vc_column_text]<\/div><\/div><div class=\"toggle default\"><h3><a href=\"#\"><i class=\"icon-plus-sign\"><\/i>Gewurztraminer<\/a><\/h3><div>[vc_column_text]<b>Tasting notes: <\/b>:<\/p>\n<p>This wine is a well-known specialty of our region, where this variety of grape has reached the heights of its aromatic expression. It is an exceptionally high quality wine offering a spicy bouquet. Gewurtztraminer is subtle and is well liked by the most demanding palates: aroma of lychee and exotic fruit.<\/p>\n<p><b>Food \/ wine pairing: <\/b>:<\/p>\n<p>Fruit\u00e9 et suave, il se suffit \u00e0 lui-m\u00eame mais se marie \u00e0 merveille avec tout plat relev\u00e9 : vin d&rsquo;ap\u00e9ritif, poissons fum\u00e9s, mets \u00e9pic\u00e9s, cuisine orientale, plateau de fromages forts, desserts peu sucr\u00e9s.[\/vc_column_text]<\/div><\/div><div class=\"toggle default\"><h3><a href=\"#\"><i class=\"icon-plus-sign\"><\/i>Pinot Noir<\/a><\/h3><div>[vc_column_text]<b>Tasting notes: <\/b>:<\/p>\n<p>Produced by burgundy grape variety, this pleasant red wine is typically Alsatian. Very well known during the Middle Ages, it underwent a decline and is now produced by a handful of winemakers. A part of the past heritage it wins the hearts thanks to its noble grape variety and red fruit aroma.<\/p>\n<p><b>Food \/ wine pairing: <\/b>:<\/p>\n<p>Fruit\u00e9 et souple, il accompagne les charcuteries, viandes rouges et fromage. Tr\u00e8s appr\u00e9ci\u00e9 avec le canard, la caille et l&rsquo;agneau.[\/vc_column_text]<\/div><\/div><div class=\"toggle default\"><h3><a href=\"#\"><i class=\"icon-plus-sign\"><\/i>Vendanges Tardives<\/a><\/h3><div>[vc_column_text]<b>Tasting notes: <\/b>:<\/p>\n<p>A real jewel in the crown of Alsatian vineyards, these wines are made from grapes that mature for a very long time on the cluster and harvested much later than traditional harvests. Its nectars combine exceptionally strong aromas with a light sweet note. These fine superior wines can be produced only by the best terroirs and vintages.<\/p>\n<p><b>Food \/ wine pairing: <\/b>:<\/p>\n<p>Vin de classe exceptionnelle \u00e0 boire avec des plats de haute gastronomie, loup de mer, homard, \u00e9crevisses, tout poisson en sauce cr\u00e9m\u00e9e ou velout\u00e9e. Il accompagne les foies gras et les desserts \u00e0 base d&rsquo;amandes, de miel et de pain d&rsquo;\u00e9pices.[\/vc_column_text]<\/div><\/div><div class=\"toggle default\"><h3><a href=\"#\"><i class=\"icon-plus-sign\"><\/i>S\u00e9lections de Grains Nobles<\/a><\/h3><div>[vc_column_text]<b>Tasting notes: <\/b>:<\/p>\n<p>Unique and most prestigious of them all! They are obtained from grapes covered with noble rot and harvested in accordance with desired degree of concentration. This extremely rare wine counts among the elites of great white wines produced in France.<\/p>\n<p><b>Food \/ wine pairing: <\/b>:<\/p>\n<p>Vin liquoreux au sucre r\u00e9siduel fin et naturel, perfection d&rsquo;\u00e9quilibre et de finesse. Sa long\u00e9vit\u00e9 est quasi illimit\u00e9e. A boire pour lui-m\u00eame, pour le plaisir et le respect d&rsquo;un vin unique : avec du foie gras truff\u00e9 ou des desserts pas trop sucr\u00e9s \u00e0 base d&rsquo;amandes, noisettes, miel, poires et abricots.[\/vc_column_text]<\/div><\/div><\/div>[nectar_btn size=\u00a0\u00bblarge\u00a0\u00bb button_style=\u00a0\u00bbsee-through\u00a0\u00bb button_color_2=\u00a0\u00bbextra-color-gradient-2&Prime; color_override=\u00a0\u00bb#ffffff\u00a0\u00bb icon_family=\u00a0\u00bbnone\u00a0\u00bb text=\u00a0\u00bbLes Distinctions\u00a0\u00bb margin_top=\u00a0\u00bb50&Prime; url=\u00a0\u00bbhttp:\/\/loberger.fr\/distinctions\u00a0\u00bb][\/vc_column][\/vc_row]","protected":false},"excerpt":{"rendered":"<p>[vc_row type=\u00a0\u00bbfull_width_background\u00a0\u00bb full_screen_row_position=\u00a0\u00bbmiddle\u00a0\u00bb bg_color=\u00a0\u00bb#f7f7f7&Prime; scene_position=\u00a0\u00bbcenter\u00a0\u00bb text_color=\u00a0\u00bbdark\u00a0\u00bb text_align=\u00a0\u00bbleft\u00a0\u00bb top_padding=\u00a0\u00bb100&Prime; bottom_padding=\u00a0\u00bb100&Prime; overlay_strength=\u00a0\u00bb0.3&Prime;][vc_column column_padding=\u00a0\u00bbno-extra-padding\u00a0\u00bb column_padding_position=\u00a0\u00bball\u00a0\u00bb background_color_opacity=\u00a0\u00bb1&Prime; background_hover_color_opacity=\u00a0\u00bb1&Prime; column_shadow=\u00a0\u00bbnone\u00a0\u00bb width=\u00a0\u00bb1\/1&Prime; tablet_text_alignment=\u00a0\u00bbdefault\u00a0\u00bb phone_text_alignment=\u00a0\u00bbdefault\u00a0\u00bb column_border_width=\u00a0\u00bbnone\u00a0\u00bb column_border_style=\u00a0\u00bbsolid\u00a0\u00bb][vc_column_text css=\u00a0\u00bb.vc_custom_1490907665885{padding-bottom: 10px !important;}\u00a0\u00bb] Une vinification \u00e9pur\u00e9e [\/vc_column_text][vc_column_text]La personnalit\u00e9 et la grande qualit\u00e9 de nos vins sont le r\u00e9sultat de m\u00e9thodes de vinification et d\u2019affinement particuli\u00e8rement soign\u00e9es. A une viticulture \u00e9pur\u00e9e de toute action contraignante doit r\u00e9pondre une vinification respectueuse. Laisser&#8230;<\/p>","protected":false},"author":2,"featured_media":0,"parent":0,"menu_order":0,"comment_status":"closed","ping_status":"closed","template":"","meta":[],"_links":{"self":[{"href":"http:\/\/www.loberger.fr\/en\/wp-json\/wp\/v2\/pages\/6047"}],"collection":[{"href":"http:\/\/www.loberger.fr\/en\/wp-json\/wp\/v2\/pages"}],"about":[{"href":"http:\/\/www.loberger.fr\/en\/wp-json\/wp\/v2\/types\/page"}],"author":[{"embeddable":true,"href":"http:\/\/www.loberger.fr\/en\/wp-json\/wp\/v2\/users\/2"}],"replies":[{"embeddable":true,"href":"http:\/\/www.loberger.fr\/en\/wp-json\/wp\/v2\/comments?post=6047"}],"version-history":[{"count":60,"href":"http:\/\/www.loberger.fr\/en\/wp-json\/wp\/v2\/pages\/6047\/revisions"}],"predecessor-version":[{"id":6398,"href":"http:\/\/www.loberger.fr\/en\/wp-json\/wp\/v2\/pages\/6047\/revisions\/6398"}],"wp:attachment":[{"href":"http:\/\/www.loberger.fr\/en\/wp-json\/wp\/v2\/media?parent=6047"}],"curies":[{"name":"wp","href":"https:\/\/api.w.org\/{rel}","templated":true}]}}